{"id":955,"date":"2020-03-11T11:02:44","date_gmt":"2020-03-11T10:02:44","guid":{"rendered":"http:\/\/institute-ash.com\/en\/?page_id=955"},"modified":"2020-03-11T11:04:14","modified_gmt":"2020-03-11T10:04:14","slug":"corporate-finance","status":"publish","type":"page","link":"https:\/\/institute-ash.com\/en\/corporate-finance\/","title":{"rendered":"Corporate Finance"},"content":{"rendered":"<p>[et_pb_section fb_built=&#8221;1&#8243; fullwidth=&#8221;on&#8221; _builder_version=&#8221;4.3.4&#8243; background_color=&#8221;#a71781&#8243; background_enable_image=&#8221;off&#8221;][et_pb_fullwidth_header title=&#8221;Corporate Finance&#8221; subhead=&#8221;D\u00e9couvrez les programmes des modules de formation&#8221; _builder_version=&#8221;4.4.0&#8243; subhead_font=&#8221;||on||||||&#8221; subhead_font_size=&#8221;16px&#8221; background_enable_color=&#8221;off&#8221; background_image=&#8221;https:\/\/institute-ash.com\/en\/wp-content\/uploads\/sites\/3\/ash-shape.png&#8221; hover_enabled=&#8221;0&#8243; custom_css_title=&#8221;float: left;||padding-bottom: 0;||line-height: 1.2em;&#8221; custom_css_content=&#8221;right: 0;||position: absolute;||font-size: 72px;&#8221; custom_css_subtitle=&#8221;float: left;||clear: left;&#8221;]<span class=\"et_pb_image_wrap\"><span class=\"et-waypoint et_pb_animation_top et-pb-icon et-animated\" style=\"color: white;\">\ue021<\/span><\/span>[\/et_pb_fullwidth_header][\/et_pb_section][et_pb_section fb_built=&#8221;1&#8243; _builder_version=&#8221;4.3.4&#8243; custom_margin=&#8221;0px||||false|false&#8221; custom_padding=&#8221;0px||||false|false&#8221;][et_pb_row _builder_version=&#8221;4.3.4&#8243;][et_pb_column type=&#8221;4_4&#8243; _builder_version=&#8221;4.3.4&#8243;][et_pb_text admin_label=&#8221;Tableau filtr\u00e9&#8221; _builder_version=&#8221;4.4.0&#8243; hover_enabled=&#8221;0&#8243;]<\/p>\n\n<table id=\"tablepress-3\" class=\"tablepress tablepress-id-3\">\n<thead>\n<tr class=\"row-1 odd\">\n\t<th class=\"column-1\">Code<\/th><th class=\"column-2\">Formation<\/th><th class=\"column-3\">Dur\u00e9e<\/th><th class=\"column-4\">Lieu<\/th><th class=\"column-5\">Prix<\/th><th class=\"column-6\">Programme<\/th><th class=\"column-7\">Inscription<\/th>\n<\/tr>\n<\/thead>\n<tbody class=\"row-hover\">\n<tr class=\"row-2 even\">\n\t<td class=\"column-1\">CF01<\/td><td class=\"column-2\">Crowdfunding et financement participatif : Enjeux, march\u00e9 et risques<\/td><td class=\"column-3\">5 jours<\/td><td class=\"column-4\">Paris<\/td><td class=\"column-5\">2250 \u20ac<\/td><td class=\"column-6\"><a href=\"#\">Programme<\/a><\/td><td class=\"column-7\"><a href=\"#\">S'inscrire<\/a><\/td>\n<\/tr>\n<tr class=\"row-3 odd\">\n\t<td class=\"column-1\">CF02<\/td><td class=\"column-2\">Finance islamique : Fondamentaux et instruments financiers<\/td><td class=\"column-3\">5 jours<\/td><td class=\"column-4\">Tunis<\/td><td class=\"column-5\">1750 \u20ac<\/td><td class=\"column-6\"><a href=\"#\">Programme<\/a><\/td><td class=\"column-7\"><a href=\"#\">S'inscrire<\/a><\/td>\n<\/tr>\n<tr class=\"row-4 even\">\n\t<td class=\"column-1\">CF03<\/td><td class=\"column-2\">Microfinance : Fondamentaux et gestion du risque<\/td><td class=\"column-3\">5 jours<\/td><td class=\"column-4\">Tunis<\/td><td class=\"column-5\">1550 \u20ac<\/td><td class=\"column-6\"><a href=\"#\">Programme<\/a><\/td><td class=\"column-7\"><a href=\"#\">S'inscrire<\/a><\/td>\n<\/tr>\n<tr class=\"row-5 odd\">\n\t<td class=\"column-1\">CF04<\/td><td class=\"column-2\">Les techniques de restructuration des entreprises en difficult\u00e9s<\/td><td class=\"column-3\">5 jours<\/td><td class=\"column-4\">Tunis<\/td><td class=\"column-5\">1550 \u20ac<\/td><td class=\"column-6\"><a href=\"#\">Programme<\/a><\/td><td class=\"column-7\"><a href=\"#\">S'inscrire<\/a><\/td>\n<\/tr>\n<tr class=\"row-6 even\">\n\t<td class=\"column-1\">CF05<\/td><td class=\"column-2\">Analyse financi\u00e8re &amp; diagnostic de l'entreprise : Principes et m\u00e9thodes<\/td><td class=\"column-3\">5 jours<\/td><td class=\"column-4\">Tunis<\/td><td class=\"column-5\">1650 \u20ac<\/td><td class=\"column-6\"><a href=\"#\">Programme<\/a><\/td><td class=\"column-7\"><a href=\"#\">S'inscrire<\/a><\/td>\n<\/tr>\n<tr class=\"row-7 odd\">\n\t<td class=\"column-1\">CF06<\/td><td class=\"column-2\">Fusions-acquisitions : Modalit\u00e9s pratiques de mise en oeuvre<\/td><td class=\"column-3\">5 jours<\/td><td class=\"column-4\">Paris<\/td><td class=\"column-5\">2250 \u20ac<\/td><td class=\"column-6\"><a href=\"#\">Programme<\/a><\/td><td class=\"column-7\"><a href=\"#\">S'inscrire<\/a><\/td>\n<\/tr>\n<tr class=\"row-8 even\">\n\t<td class=\"column-1\">CF07<\/td><td class=\"column-2\">Optimisation de la gestion de tr\u00e9sorerie : Gouvernance et organisation<\/td><td class=\"column-3\">5 jours<\/td><td class=\"column-4\">Tunis<\/td><td class=\"column-5\">1650 \u20ac<\/td><td class=\"column-6\"><a href=\"#\">Programme<\/a><\/td><td class=\"column-7\"><a href=\"#\">S'inscrire<\/a><\/td>\n<\/tr>\n<tr class=\"row-9 odd\">\n\t<td class=\"column-1\">CF08<\/td><td class=\"column-2\">Fondamentaux du Private Equity : Acteurs, techniques et pratiques en capital investissement<\/td><td class=\"column-3\">5 jours<\/td><td class=\"column-4\">Paris<\/td><td class=\"column-5\">2250 \u20ac<\/td><td class=\"column-6\"><a href=\"#\">Programme<\/a><\/td><td class=\"column-7\"><a href=\"#\">S'inscrire<\/a><\/td>\n<\/tr>\n<tr class=\"row-10 even\">\n\t<td class=\"column-1\">CF09<\/td><td class=\"column-2\">Business plan : outil de d\u00e9cision et de pilotage<\/td><td class=\"column-3\">5 jours<\/td><td class=\"column-4\">Tunis<\/td><td class=\"column-5\">1550 \u20ac<\/td><td class=\"column-6\"><a href=\"#\">Programme<\/a><\/td><td class=\"column-7\"><a href=\"#\">S'inscrire<\/a><\/td>\n<\/tr>\n<tr class=\"row-11 odd\">\n\t<td class=\"column-1\">CF10<\/td><td class=\"column-2\">Communication financi\u00e8re : Organisation, obligations et restrictions<\/td><td class=\"column-3\">5 jours<\/td><td class=\"column-4\">Paris<\/td><td class=\"column-5\">2250 \u20ac<\/td><td class=\"column-6\"><a href=\"#\">Programme<\/a><\/td><td class=\"column-7\"><a href=\"#\">S'inscrire<\/a><\/td>\n<\/tr>\n<tr class=\"row-12 even\">\n\t<td class=\"column-1\">CF11<\/td><td class=\"column-2\">La gestion des risques de l'entreprise : Aspects techniques et op\u00e9rationnels<\/td><td class=\"column-3\">5 jours<\/td><td class=\"column-4\">Tunis<\/td><td class=\"column-5\">1550 \u20ac<\/td><td class=\"column-6\"><a href=\"#\">Programme<\/a><\/td><td class=\"column-7\"><a href=\"#\">S'inscrire<\/a><\/td>\n<\/tr>\n<tr class=\"row-13 odd\">\n\t<td class=\"column-1\">CF12<\/td><td class=\"column-2\">Instruments financiers : Comptabilisation et \u00e9valuation<\/td><td class=\"column-3\">5 jours<\/td><td class=\"column-4\">Paris<\/td><td class=\"column-5\">2250 \u20ac<\/td><td class=\"column-6\"><a href=\"#\">Programme<\/a><\/td><td class=\"column-7\"><a href=\"#\">S'inscrire<\/a><\/td>\n<\/tr>\n<tr class=\"row-14 even\">\n\t<td class=\"column-1\">CF13<\/td><td class=\"column-2\">Financements structur\u00e9s d'actifs : Techniques et risques<\/td><td class=\"column-3\">5 jours<\/td><td class=\"column-4\">Tunis<\/td><td class=\"column-5\">1750 \u20ac<\/td><td class=\"column-6\"><a href=\"#\">Programme<\/a><\/td><td class=\"column-7\"><a href=\"#\">S'inscrire<\/a><\/td>\n<\/tr>\n<tr class=\"row-15 odd\">\n\t<td class=\"column-1\">CF14<\/td><td class=\"column-2\">Comptabilit\u00e9 des op\u00e9rations en devises : R\u00e8gles comptables et prudentielles<\/td><td class=\"column-3\">5 jours<\/td><td class=\"column-4\">Paris<\/td><td class=\"column-5\">2250 \u20ac<\/td><td class=\"column-6\"><a href=\"#\">Programme<\/a><\/td><td class=\"column-7\"><a href=\"#\">S'inscrire<\/a><\/td>\n<\/tr>\n<tr class=\"row-16 even\">\n\t<td class=\"column-1\">CF15<\/td><td class=\"column-2\">\u00c9valuation de soci\u00e9t\u00e9s : Techniques de mise en oeuvre et risques sp\u00e9cifiques<\/td><td class=\"column-3\">5 jours<\/td><td class=\"column-4\">Paris<\/td><td class=\"column-5\">2250 \u20ac<\/td><td class=\"column-6\"><a href=\"#\">Programme<\/a><\/td><td class=\"column-7\"><a href=\"#\">S'inscrire<\/a><\/td>\n<\/tr>\n<tr class=\"row-17 odd\">\n\t<td class=\"column-1\">CF16<\/td><td class=\"column-2\">Comptes consolid\u00e9s selon les normes IFRS : M\u00e9thodes et processus d'\u00e9laboration<\/td><td class=\"column-3\">5 jours<\/td><td class=\"column-4\">Paris<\/td><td class=\"column-5\">2250 \u20ac<\/td><td class=\"column-6\"><a href=\"#\">Programme<\/a><\/td><td class=\"column-7\"><a href=\"#\">S'inscrire<\/a><\/td>\n<\/tr>\n<\/tbody>\n<\/table>\n<!-- #tablepress-3 from cache -->\n<p>[\/et_pb_text][\/et_pb_column][\/et_pb_row][\/et_pb_section]<\/p>\n","protected":false},"excerpt":{"rendered":"<p>[et_pb_section fb_built=&#8221;1&#8243; fullwidth=&#8221;on&#8221; _builder_version=&#8221;4.3.4&#8243; background_color=&#8221;#a71781&#8243; background_enable_image=&#8221;off&#8221;][et_pb_fullwidth_header title=&#8221;Corporate Finance&#8221; subhead=&#8221;D\u00e9couvrez les programmes des modules de formation&#8221; _builder_version=&#8221;4.4.0&#8243; subhead_font=&#8221;||on||||||&#8221; subhead_font_size=&#8221;16px&#8221; background_enable_color=&#8221;off&#8221; background_image=&#8221;https:\/\/institute-ash.com\/en\/wp-content\/uploads\/sites\/3\/ash-shape.png&#8221; hover_enabled=&#8221;0&#8243; custom_css_title=&#8221;float: left;||padding-bottom: 0;||line-height: 1.2em;&#8221; custom_css_content=&#8221;right: 0;||position: absolute;||font-size: 72px;&#8221; custom_css_subtitle=&#8221;float: left;||clear: left;&#8221;]\ue021[\/et_pb_fullwidth_header][\/et_pb_section][et_pb_section fb_built=&#8221;1&#8243; _builder_version=&#8221;4.3.4&#8243; custom_margin=&#8221;0px||||false|false&#8221; custom_padding=&#8221;0px||||false|false&#8221;][et_pb_row _builder_version=&#8221;4.3.4&#8243;][et_pb_column type=&#8221;4_4&#8243; _builder_version=&#8221;4.3.4&#8243;][et_pb_text admin_label=&#8221;Tableau filtr\u00e9&#8221; _builder_version=&#8221;4.4.0&#8243; hover_enabled=&#8221;0&#8243;] [\/et_pb_text][\/et_pb_column][\/et_pb_row][\/et_pb_section]<\/p>\n","protected":false},"author":1,"featured_media":0,"parent":0,"menu_order":0,"comment_status":"closed","ping_status":"closed","template":"","meta":{"_et_pb_use_builder":"on","_et_pb_old_content":"","_et_gb_content_width":"","content-type":"","footnotes":""},"yoast_head":"<!-- This site is optimized with the Yoast SEO plugin v22.3 - https:\/\/yoast.com\/wordpress\/plugins\/seo\/ -->\n<title>Corporate Finance - ASH Group Institute<\/title>\n<meta name=\"robots\" content=\"noindex, follow, max-snippet:-1, max-image-preview:large, max-video-preview:-1\" \/>\n<meta property=\"og:locale\" content=\"en_US\" \/>\n<meta property=\"og:type\" content=\"article\" \/>\n<meta property=\"og:title\" content=\"Corporate Finance - ASH Group Institute\" \/>\n<meta property=\"og:description\" content=\"[et_pb_section fb_built=&#8221;1&#8243; fullwidth=&#8221;on&#8221; _builder_version=&#8221;4.3.4&#8243; background_color=&#8221;#a71781&#8243; background_enable_image=&#8221;off&#8221;][et_pb_fullwidth_header title=&#8221;Corporate Finance&#8221; subhead=&#8221;D\u00e9couvrez les programmes des modules de formation&#8221; _builder_version=&#8221;4.4.0&#8243; subhead_font=&#8221;||on||||||&#8221; subhead_font_size=&#8221;16px&#8221; background_enable_color=&#8221;off&#8221; background_image=&#8221;https:\/\/institute-ash.com\/en\/wp-content\/uploads\/sites\/3\/ash-shape.png&#8221; hover_enabled=&#8221;0&#8243; custom_css_title=&#8221;float: left;||padding-bottom: 0;||line-height: 1.2em;&#8221; custom_css_content=&#8221;right: 0;||position: absolute;||font-size: 72px;&#8221; custom_css_subtitle=&#8221;float: left;||clear: left;&#8221;]\ue021[\/et_pb_fullwidth_header][\/et_pb_section][et_pb_section fb_built=&#8221;1&#8243; _builder_version=&#8221;4.3.4&#8243; custom_margin=&#8221;0px||||false|false&#8221; custom_padding=&#8221;0px||||false|false&#8221;][et_pb_row _builder_version=&#8221;4.3.4&#8243;][et_pb_column type=&#8221;4_4&#8243; _builder_version=&#8221;4.3.4&#8243;][et_pb_text admin_label=&#8221;Tableau filtr\u00e9&#8221; _builder_version=&#8221;4.4.0&#8243; hover_enabled=&#8221;0&#8243;] [\/et_pb_text][\/et_pb_column][\/et_pb_row][\/et_pb_section]\" \/>\n<meta property=\"og:url\" content=\"https:\/\/institute-ash.com\/en\/corporate-finance\/\" \/>\n<meta property=\"og:site_name\" content=\"ASH Group Institute\" \/>\n<meta property=\"article:modified_time\" content=\"2020-03-11T10:04:14+00:00\" \/>\n<meta name=\"twitter:card\" content=\"summary_large_image\" \/>\n<meta name=\"twitter:label1\" content=\"Est. reading time\" \/>\n\t<meta name=\"twitter:data1\" content=\"1 minute\" \/>\n<script type=\"application\/ld+json\" class=\"yoast-schema-graph\">{\"@context\":\"https:\/\/schema.org\",\"@graph\":[{\"@type\":\"WebPage\",\"@id\":\"https:\/\/institute-ash.com\/en\/corporate-finance\/\",\"url\":\"https:\/\/institute-ash.com\/en\/corporate-finance\/\",\"name\":\"Corporate Finance - ASH Group Institute\",\"isPartOf\":{\"@id\":\"https:\/\/institute-ash.com\/en\/#website\"},\"datePublished\":\"2020-03-11T10:02:44+00:00\",\"dateModified\":\"2020-03-11T10:04:14+00:00\",\"breadcrumb\":{\"@id\":\"https:\/\/institute-ash.com\/en\/corporate-finance\/#breadcrumb\"},\"inLanguage\":\"en-US\",\"potentialAction\":[{\"@type\":\"ReadAction\",\"target\":[\"https:\/\/institute-ash.com\/en\/corporate-finance\/\"]}]},{\"@type\":\"BreadcrumbList\",\"@id\":\"https:\/\/institute-ash.com\/en\/corporate-finance\/#breadcrumb\",\"itemListElement\":[{\"@type\":\"ListItem\",\"position\":1,\"name\":\"Home\",\"item\":\"https:\/\/institute-ash.com\/en\/\"},{\"@type\":\"ListItem\",\"position\":2,\"name\":\"Corporate Finance\"}]},{\"@type\":\"WebSite\",\"@id\":\"https:\/\/institute-ash.com\/en\/#website\",\"url\":\"https:\/\/institute-ash.com\/en\/\",\"name\":\"ASH Group Institute\",\"description\":\"Formation pour entreprise en Afrique\",\"potentialAction\":[{\"@type\":\"SearchAction\",\"target\":{\"@type\":\"EntryPoint\",\"urlTemplate\":\"https:\/\/institute-ash.com\/en\/?s={search_term_string}\"},\"query-input\":\"required name=search_term_string\"}],\"inLanguage\":\"en-US\"}]}<\/script>\n<!-- \/ Yoast SEO plugin. -->","yoast_head_json":{"title":"Corporate Finance - ASH Group Institute","robots":{"index":"noindex","follow":"follow","max-snippet":"max-snippet:-1","max-image-preview":"max-image-preview:large","max-video-preview":"max-video-preview:-1"},"og_locale":"en_US","og_type":"article","og_title":"Corporate Finance - ASH Group Institute","og_description":"[et_pb_section fb_built=&#8221;1&#8243; fullwidth=&#8221;on&#8221; _builder_version=&#8221;4.3.4&#8243; background_color=&#8221;#a71781&#8243; background_enable_image=&#8221;off&#8221;][et_pb_fullwidth_header title=&#8221;Corporate Finance&#8221; subhead=&#8221;D\u00e9couvrez les programmes des modules de formation&#8221; _builder_version=&#8221;4.4.0&#8243; subhead_font=&#8221;||on||||||&#8221; subhead_font_size=&#8221;16px&#8221; background_enable_color=&#8221;off&#8221; background_image=&#8221;https:\/\/institute-ash.com\/en\/wp-content\/uploads\/sites\/3\/ash-shape.png&#8221; hover_enabled=&#8221;0&#8243; custom_css_title=&#8221;float: left;||padding-bottom: 0;||line-height: 1.2em;&#8221; custom_css_content=&#8221;right: 0;||position: absolute;||font-size: 72px;&#8221; custom_css_subtitle=&#8221;float: left;||clear: left;&#8221;]\ue021[\/et_pb_fullwidth_header][\/et_pb_section][et_pb_section fb_built=&#8221;1&#8243; _builder_version=&#8221;4.3.4&#8243; custom_margin=&#8221;0px||||false|false&#8221; custom_padding=&#8221;0px||||false|false&#8221;][et_pb_row _builder_version=&#8221;4.3.4&#8243;][et_pb_column type=&#8221;4_4&#8243; _builder_version=&#8221;4.3.4&#8243;][et_pb_text admin_label=&#8221;Tableau filtr\u00e9&#8221; _builder_version=&#8221;4.4.0&#8243; hover_enabled=&#8221;0&#8243;] [\/et_pb_text][\/et_pb_column][\/et_pb_row][\/et_pb_section]","og_url":"https:\/\/institute-ash.com\/en\/corporate-finance\/","og_site_name":"ASH Group Institute","article_modified_time":"2020-03-11T10:04:14+00:00","twitter_card":"summary_large_image","twitter_misc":{"Est. reading time":"1 minute"},"schema":{"@context":"https:\/\/schema.org","@graph":[{"@type":"WebPage","@id":"https:\/\/institute-ash.com\/en\/corporate-finance\/","url":"https:\/\/institute-ash.com\/en\/corporate-finance\/","name":"Corporate Finance - ASH Group Institute","isPartOf":{"@id":"https:\/\/institute-ash.com\/en\/#website"},"datePublished":"2020-03-11T10:02:44+00:00","dateModified":"2020-03-11T10:04:14+00:00","breadcrumb":{"@id":"https:\/\/institute-ash.com\/en\/corporate-finance\/#breadcrumb"},"inLanguage":"en-US","potentialAction":[{"@type":"ReadAction","target":["https:\/\/institute-ash.com\/en\/corporate-finance\/"]}]},{"@type":"BreadcrumbList","@id":"https:\/\/institute-ash.com\/en\/corporate-finance\/#breadcrumb","itemListElement":[{"@type":"ListItem","position":1,"name":"Home","item":"https:\/\/institute-ash.com\/en\/"},{"@type":"ListItem","position":2,"name":"Corporate Finance"}]},{"@type":"WebSite","@id":"https:\/\/institute-ash.com\/en\/#website","url":"https:\/\/institute-ash.com\/en\/","name":"ASH Group Institute","description":"Formation pour entreprise en Afrique","potentialAction":[{"@type":"SearchAction","target":{"@type":"EntryPoint","urlTemplate":"https:\/\/institute-ash.com\/en\/?s={search_term_string}"},"query-input":"required name=search_term_string"}],"inLanguage":"en-US"}]}},"_links":{"self":[{"href":"https:\/\/institute-ash.com\/en\/wp-json\/wp\/v2\/pages\/955"}],"collection":[{"href":"https:\/\/institute-ash.com\/en\/wp-json\/wp\/v2\/pages"}],"about":[{"href":"https:\/\/institute-ash.com\/en\/wp-json\/wp\/v2\/types\/page"}],"author":[{"embeddable":true,"href":"https:\/\/institute-ash.com\/en\/wp-json\/wp\/v2\/users\/1"}],"replies":[{"embeddable":true,"href":"https:\/\/institute-ash.com\/en\/wp-json\/wp\/v2\/comments?post=955"}],"version-history":[{"count":2,"href":"https:\/\/institute-ash.com\/en\/wp-json\/wp\/v2\/pages\/955\/revisions"}],"predecessor-version":[{"id":958,"href":"https:\/\/institute-ash.com\/en\/wp-json\/wp\/v2\/pages\/955\/revisions\/958"}],"wp:attachment":[{"href":"https:\/\/institute-ash.com\/en\/wp-json\/wp\/v2\/media?parent=955"}],"curies":[{"name":"wp","href":"https:\/\/api.w.org\/{rel}","templated":true}]}}