{"id":947,"date":"2020-03-11T10:46:58","date_gmt":"2020-03-11T09:46:58","guid":{"rendered":"http:\/\/institute-ash.com\/en\/?page_id=947"},"modified":"2020-03-11T10:50:26","modified_gmt":"2020-03-11T09:50:26","slug":"capital-markets","status":"publish","type":"page","link":"https:\/\/institute-ash.com\/en\/capital-markets\/","title":{"rendered":"Capital Markets"},"content":{"rendered":"<p>[et_pb_section fb_built=&#8221;1&#8243; fullwidth=&#8221;on&#8221; _builder_version=&#8221;4.3.4&#8243; background_color=&#8221;#a71781&#8243; background_enable_image=&#8221;off&#8221;][et_pb_fullwidth_header title=&#8221;Capital Markets&#8221; subhead=&#8221;D\u00e9couvrez les programmes des modules de formation&#8221; _builder_version=&#8221;4.4.0&#8243; subhead_font=&#8221;||on||||||&#8221; subhead_font_size=&#8221;16px&#8221; background_enable_color=&#8221;off&#8221; background_image=&#8221;https:\/\/institute-ash.com\/en\/wp-content\/uploads\/sites\/3\/ash-shape.png&#8221; hover_enabled=&#8221;0&#8243; custom_css_title=&#8221;float: left;||padding-bottom: 0;||line-height: 1.2em;&#8221; custom_css_content=&#8221;right: 0;||position: absolute;||font-size: 72px;&#8221; custom_css_subtitle=&#8221;float: left;||clear: left;&#8221;]<span class=\"et_pb_image_wrap\"><span class=\"et-waypoint et_pb_animation_top et-pb-icon et-animated\" style=\"color: white;\">\ue0e9<\/span><\/span>[\/et_pb_fullwidth_header][\/et_pb_section][et_pb_section fb_built=&#8221;1&#8243; _builder_version=&#8221;4.3.4&#8243; custom_margin=&#8221;0px||||false|false&#8221; custom_padding=&#8221;0px||||false|false&#8221;][et_pb_row _builder_version=&#8221;4.3.4&#8243;][et_pb_column type=&#8221;4_4&#8243; _builder_version=&#8221;4.3.4&#8243;][et_pb_text admin_label=&#8221;Tableau filtr\u00e9&#8221; _builder_version=&#8221;4.4.0&#8243; hover_enabled=&#8221;0&#8243;]<\/p>\n\n<table id=\"tablepress-2\" class=\"tablepress tablepress-id-2\">\n<thead>\n<tr class=\"row-1 odd\">\n\t<th class=\"column-1\">Code<\/th><th class=\"column-2\">Formation<\/th><th class=\"column-3\">Dur\u00e9e<\/th><th class=\"column-4\">Lieu<\/th><th class=\"column-5\">Prix<\/th><th class=\"column-6\">Programme<\/th><th class=\"column-7\">Inscription<\/th>\n<\/tr>\n<\/thead>\n<tbody class=\"row-hover\">\n<tr class=\"row-2 even\">\n\t<td class=\"column-1\">CM01<\/td><td class=\"column-2\">Analyse \u00e9conomique des march\u00e9s financiers : Typologie des indicateurs<\/td><td class=\"column-3\">5 jours<\/td><td class=\"column-4\">Tunis<\/td><td class=\"column-5\">1650 \u20ac<\/td><td class=\"column-6\"><a href=\"#\">Programme<\/a><\/td><td class=\"column-7\"><a href=\"#\">S'inscrire<\/a><\/td>\n<\/tr>\n<tr class=\"row-3 odd\">\n\t<td class=\"column-1\">CM02<\/td><td class=\"column-2\">Fonctionnement du march\u00e9 financier et l'introduction des entreprises en Bourse<\/td><td class=\"column-3\">5 jours<\/td><td class=\"column-4\">Tunis<\/td><td class=\"column-5\">1650 \u20ac<\/td><td class=\"column-6\"><a href=\"#\">Programme<\/a><\/td><td class=\"column-7\"><a href=\"#\">S'inscrire<\/a><\/td>\n<\/tr>\n<tr class=\"row-4 even\">\n\t<td class=\"column-1\">CM03<\/td><td class=\"column-2\">Le march\u00e9 financier tunisien : Acteurs -produits et risques<\/td><td class=\"column-3\">5 jours<\/td><td class=\"column-4\">Tunis<\/td><td class=\"column-5\">1750 \u20ac<\/td><td class=\"column-6\"><a href=\"#\">Programme<\/a><\/td><td class=\"column-7\"><a href=\"#\">S'inscrire<\/a><\/td>\n<\/tr>\n<tr class=\"row-5 odd\">\n\t<td class=\"column-1\">CM04<\/td><td class=\"column-2\">Le march\u00e9 obligataire : Calcul des rendements et risques d'un portefeuille<\/td><td class=\"column-3\">5 jours<\/td><td class=\"column-4\">Tunis<\/td><td class=\"column-5\">1650 \u20ac<\/td><td class=\"column-6\"><a href=\"#\">Programme<\/a><\/td><td class=\"column-7\"><a href=\"#\">S'inscrire<\/a><\/td>\n<\/tr>\n<tr class=\"row-6 even\">\n\t<td class=\"column-1\">CM05<\/td><td class=\"column-2\">R\u00e9glementation des march\u00e9s de change : Fondamentaux du trading des devises<\/td><td class=\"column-3\">5 jours<\/td><td class=\"column-4\">Tunis<\/td><td class=\"column-5\">1550 \u20ac<\/td><td class=\"column-6\"><a href=\"#\">Programme<\/a><\/td><td class=\"column-7\"><a href=\"#\">S'inscrire<\/a><\/td>\n<\/tr>\n<tr class=\"row-7 odd\">\n\t<td class=\"column-1\">CM06<\/td><td class=\"column-2\">March\u00e9 mon\u00e9taire au quotidien : Analyse \u00e9conomique et politique mon\u00e9taire<\/td><td class=\"column-3\">5 jours<\/td><td class=\"column-4\">Tunis<\/td><td class=\"column-5\">1650 \u20ac<\/td><td class=\"column-6\"><a href=\"#\">Programme<\/a><\/td><td class=\"column-7\"><a href=\"#\">S'inscrire<\/a><\/td>\n<\/tr>\n<tr class=\"row-8 even\">\n\t<td class=\"column-1\">CM07<\/td><td class=\"column-2\">Les dessous de la mise en oeuvre de la politique mon\u00e9taire : Cadre op\u00e9rationnel et m\u00e9canismes de transmission<\/td><td class=\"column-3\">5 jours<\/td><td class=\"column-4\">Tunis<\/td><td class=\"column-5\">1750 \u20ac<\/td><td class=\"column-6\"><a href=\"#\">Programme<\/a><\/td><td class=\"column-7\"><a href=\"#\">S'inscrire<\/a><\/td>\n<\/tr>\n<tr class=\"row-9 odd\">\n\t<td class=\"column-1\">CM08<\/td><td class=\"column-2\">La gestion dynamique de la dette domestique : Le march\u00e9 de Bons de Tr\u00e9sor<br \/>\n<\/td><td class=\"column-3\">5 jours<\/td><td class=\"column-4\">Tunis<\/td><td class=\"column-5\">1850 \u20ac<\/td><td class=\"column-6\"><a href=\"#\">Programme<\/a><\/td><td class=\"column-7\"><a href=\"#\">S'inscrire<\/a><\/td>\n<\/tr>\n<tr class=\"row-10 even\">\n\t<td class=\"column-1\">CM09<\/td><td class=\"column-2\">Les pensions livr\u00e9es : Des m\u00e9thodes avanc\u00e9es pour une meilleure gestion de la tr\u00e9sorerie<\/td><td class=\"column-3\">5 jours<\/td><td class=\"column-4\">Tunis<\/td><td class=\"column-5\">1650 \u20ac<\/td><td class=\"column-6\"><a href=\"#\">Programme<\/a><\/td><td class=\"column-7\"><a href=\"#\">S'inscrire<\/a><\/td>\n<\/tr>\n<tr class=\"row-11 odd\">\n\t<td class=\"column-1\">CM10<\/td><td class=\"column-2\">La lutte contre le blanchiment d'argent et le financement du terrorisme dans les march\u00e9s financiers<\/td><td class=\"column-3\">5 jours<\/td><td class=\"column-4\">Paris<\/td><td class=\"column-5\">2250 \u20ac<\/td><td class=\"column-6\"><a href=\"#\">Programme<\/a><\/td><td class=\"column-7\"><a href=\"#\">S'inscrire<\/a><\/td>\n<\/tr>\n<tr class=\"row-12 even\">\n\t<td class=\"column-1\">CM11<\/td><td class=\"column-2\">R\u00e9glementation FATCA : Enjeux, obligations et risques<\/td><td class=\"column-3\">5 jours<\/td><td class=\"column-4\">Paris<\/td><td class=\"column-5\">2250 \u20ac<\/td><td class=\"column-6\"><a href=\"#\">Programme<\/a><\/td><td class=\"column-7\"><a href=\"#\">S'inscrire<\/a><\/td>\n<\/tr>\n<tr class=\"row-13 odd\">\n\t<td class=\"column-1\">CM12<\/td><td class=\"column-2\">Aspects financiers du Partenariat Public Priv\u00e9 - PPP<\/td><td class=\"column-3\">5 jours<\/td><td class=\"column-4\">Paris<\/td><td class=\"column-5\">2250 \u20ac<\/td><td class=\"column-6\"><a href=\"#\">Programme<\/a><\/td><td class=\"column-7\"><a href=\"#\">S'inscrire<\/a><\/td>\n<\/tr>\n<tr class=\"row-14 even\">\n\t<td class=\"column-1\">CM13<\/td><td class=\"column-2\">Financement des collectivit\u00e9s locales : Enjeux, modalit\u00e9s et risques<\/td><td class=\"column-3\">5 jours<\/td><td class=\"column-4\">Paris<\/td><td class=\"column-5\">2250 \u20ac<\/td><td class=\"column-6\"><a href=\"#\">Programme<\/a><\/td><td class=\"column-7\"><a href=\"#\">S'inscrire<\/a><\/td>\n<\/tr>\n<tr class=\"row-15 odd\">\n\t<td class=\"column-1\">CM14<\/td><td class=\"column-2\">Investissement Socialement Responsable - ISR : Acteurs, produits et process<\/td><td class=\"column-3\">5 jours<\/td><td class=\"column-4\">Paris<\/td><td class=\"column-5\">2250 \u20ac<\/td><td class=\"column-6\"><a href=\"#\">Programme<\/a><\/td><td class=\"column-7\"><a href=\"#\">S'inscrire<\/a><\/td>\n<\/tr>\n<tr class=\"row-16 even\">\n\t<td class=\"column-1\">CM15<\/td><td class=\"column-2\">Techniques de gestion de portefeuille : Allocation d'actifs et mesure de performance<\/td><td class=\"column-3\">5 jours<\/td><td class=\"column-4\">Tunis<\/td><td class=\"column-5\">1550 \u20ac<\/td><td class=\"column-6\"><a href=\"#\">Programme<\/a><\/td><td class=\"column-7\"><a href=\"#\">S'inscrire<\/a><\/td>\n<\/tr>\n<tr class=\"row-17 odd\">\n\t<td class=\"column-1\">CM16<\/td><td class=\"column-2\">Titrisation : Principes, m\u00e9canismes et int\u00e9r\u00eats<\/td><td class=\"column-3\">5 jours<\/td><td class=\"column-4\">Paris<\/td><td class=\"column-5\">2250 \u20ac<\/td><td class=\"column-6\"><a href=\"#\">Programme<\/a><\/td><td class=\"column-7\"><a href=\"#\">S'inscrire<\/a><\/td>\n<\/tr>\n<\/tbody>\n<\/table>\n<!-- #tablepress-2 from cache -->\n<p>[\/et_pb_text][\/et_pb_column][\/et_pb_row][\/et_pb_section]<\/p>\n","protected":false},"excerpt":{"rendered":"<p>[et_pb_section fb_built=&#8221;1&#8243; fullwidth=&#8221;on&#8221; _builder_version=&#8221;4.3.4&#8243; background_color=&#8221;#a71781&#8243; background_enable_image=&#8221;off&#8221;][et_pb_fullwidth_header title=&#8221;Capital Markets&#8221; subhead=&#8221;D\u00e9couvrez les programmes des modules de formation&#8221; _builder_version=&#8221;4.4.0&#8243; subhead_font=&#8221;||on||||||&#8221; subhead_font_size=&#8221;16px&#8221; background_enable_color=&#8221;off&#8221; background_image=&#8221;https:\/\/institute-ash.com\/en\/wp-content\/uploads\/sites\/3\/ash-shape.png&#8221; hover_enabled=&#8221;0&#8243; custom_css_title=&#8221;float: left;||padding-bottom: 0;||line-height: 1.2em;&#8221; custom_css_content=&#8221;right: 0;||position: absolute;||font-size: 72px;&#8221; custom_css_subtitle=&#8221;float: left;||clear: left;&#8221;]\ue0e9[\/et_pb_fullwidth_header][\/et_pb_section][et_pb_section fb_built=&#8221;1&#8243; _builder_version=&#8221;4.3.4&#8243; custom_margin=&#8221;0px||||false|false&#8221; custom_padding=&#8221;0px||||false|false&#8221;][et_pb_row _builder_version=&#8221;4.3.4&#8243;][et_pb_column type=&#8221;4_4&#8243; _builder_version=&#8221;4.3.4&#8243;][et_pb_text admin_label=&#8221;Tableau filtr\u00e9&#8221; _builder_version=&#8221;4.4.0&#8243; hover_enabled=&#8221;0&#8243;] [\/et_pb_text][\/et_pb_column][\/et_pb_row][\/et_pb_section]<\/p>\n","protected":false},"author":1,"featured_media":0,"parent":0,"menu_order":0,"comment_status":"closed","ping_status":"closed","template":"","meta":{"_et_pb_use_builder":"on","_et_pb_old_content":"","_et_gb_content_width":"","content-type":"","footnotes":""},"yoast_head":"<!-- This site is optimized with the Yoast SEO plugin v22.3 - https:\/\/yoast.com\/wordpress\/plugins\/seo\/ -->\n<title>Capital Markets - ASH Group Institute<\/title>\n<meta name=\"robots\" content=\"noindex, follow, max-snippet:-1, max-image-preview:large, max-video-preview:-1\" \/>\n<meta property=\"og:locale\" content=\"en_US\" \/>\n<meta property=\"og:type\" content=\"article\" \/>\n<meta property=\"og:title\" content=\"Capital Markets - ASH Group Institute\" \/>\n<meta property=\"og:description\" content=\"[et_pb_section fb_built=&#8221;1&#8243; fullwidth=&#8221;on&#8221; _builder_version=&#8221;4.3.4&#8243; background_color=&#8221;#a71781&#8243; background_enable_image=&#8221;off&#8221;][et_pb_fullwidth_header title=&#8221;Capital Markets&#8221; subhead=&#8221;D\u00e9couvrez les programmes des modules de formation&#8221; _builder_version=&#8221;4.4.0&#8243; subhead_font=&#8221;||on||||||&#8221; subhead_font_size=&#8221;16px&#8221; background_enable_color=&#8221;off&#8221; background_image=&#8221;https:\/\/institute-ash.com\/en\/wp-content\/uploads\/sites\/3\/ash-shape.png&#8221; hover_enabled=&#8221;0&#8243; custom_css_title=&#8221;float: left;||padding-bottom: 0;||line-height: 1.2em;&#8221; custom_css_content=&#8221;right: 0;||position: absolute;||font-size: 72px;&#8221; custom_css_subtitle=&#8221;float: left;||clear: left;&#8221;]\ue0e9[\/et_pb_fullwidth_header][\/et_pb_section][et_pb_section fb_built=&#8221;1&#8243; _builder_version=&#8221;4.3.4&#8243; custom_margin=&#8221;0px||||false|false&#8221; custom_padding=&#8221;0px||||false|false&#8221;][et_pb_row _builder_version=&#8221;4.3.4&#8243;][et_pb_column type=&#8221;4_4&#8243; _builder_version=&#8221;4.3.4&#8243;][et_pb_text admin_label=&#8221;Tableau filtr\u00e9&#8221; _builder_version=&#8221;4.4.0&#8243; hover_enabled=&#8221;0&#8243;] [\/et_pb_text][\/et_pb_column][\/et_pb_row][\/et_pb_section]\" \/>\n<meta property=\"og:url\" content=\"https:\/\/institute-ash.com\/en\/capital-markets\/\" \/>\n<meta property=\"og:site_name\" content=\"ASH Group Institute\" \/>\n<meta property=\"article:modified_time\" content=\"2020-03-11T09:50:26+00:00\" \/>\n<meta name=\"twitter:card\" content=\"summary_large_image\" \/>\n<meta name=\"twitter:label1\" content=\"Est. reading time\" \/>\n\t<meta name=\"twitter:data1\" content=\"1 minute\" \/>\n<script type=\"application\/ld+json\" class=\"yoast-schema-graph\">{\"@context\":\"https:\/\/schema.org\",\"@graph\":[{\"@type\":\"WebPage\",\"@id\":\"https:\/\/institute-ash.com\/en\/capital-markets\/\",\"url\":\"https:\/\/institute-ash.com\/en\/capital-markets\/\",\"name\":\"Capital Markets - ASH Group Institute\",\"isPartOf\":{\"@id\":\"https:\/\/institute-ash.com\/en\/#website\"},\"datePublished\":\"2020-03-11T09:46:58+00:00\",\"dateModified\":\"2020-03-11T09:50:26+00:00\",\"breadcrumb\":{\"@id\":\"https:\/\/institute-ash.com\/en\/capital-markets\/#breadcrumb\"},\"inLanguage\":\"en-US\",\"potentialAction\":[{\"@type\":\"ReadAction\",\"target\":[\"https:\/\/institute-ash.com\/en\/capital-markets\/\"]}]},{\"@type\":\"BreadcrumbList\",\"@id\":\"https:\/\/institute-ash.com\/en\/capital-markets\/#breadcrumb\",\"itemListElement\":[{\"@type\":\"ListItem\",\"position\":1,\"name\":\"Home\",\"item\":\"https:\/\/institute-ash.com\/en\/\"},{\"@type\":\"ListItem\",\"position\":2,\"name\":\"Capital Markets\"}]},{\"@type\":\"WebSite\",\"@id\":\"https:\/\/institute-ash.com\/en\/#website\",\"url\":\"https:\/\/institute-ash.com\/en\/\",\"name\":\"ASH Group Institute\",\"description\":\"Formation pour entreprise en Afrique\",\"potentialAction\":[{\"@type\":\"SearchAction\",\"target\":{\"@type\":\"EntryPoint\",\"urlTemplate\":\"https:\/\/institute-ash.com\/en\/?s={search_term_string}\"},\"query-input\":\"required name=search_term_string\"}],\"inLanguage\":\"en-US\"}]}<\/script>\n<!-- \/ Yoast SEO plugin. -->","yoast_head_json":{"title":"Capital Markets - ASH Group Institute","robots":{"index":"noindex","follow":"follow","max-snippet":"max-snippet:-1","max-image-preview":"max-image-preview:large","max-video-preview":"max-video-preview:-1"},"og_locale":"en_US","og_type":"article","og_title":"Capital Markets - ASH Group Institute","og_description":"[et_pb_section fb_built=&#8221;1&#8243; fullwidth=&#8221;on&#8221; _builder_version=&#8221;4.3.4&#8243; background_color=&#8221;#a71781&#8243; background_enable_image=&#8221;off&#8221;][et_pb_fullwidth_header title=&#8221;Capital Markets&#8221; subhead=&#8221;D\u00e9couvrez les programmes des modules de formation&#8221; _builder_version=&#8221;4.4.0&#8243; subhead_font=&#8221;||on||||||&#8221; subhead_font_size=&#8221;16px&#8221; background_enable_color=&#8221;off&#8221; background_image=&#8221;https:\/\/institute-ash.com\/en\/wp-content\/uploads\/sites\/3\/ash-shape.png&#8221; hover_enabled=&#8221;0&#8243; custom_css_title=&#8221;float: left;||padding-bottom: 0;||line-height: 1.2em;&#8221; custom_css_content=&#8221;right: 0;||position: absolute;||font-size: 72px;&#8221; custom_css_subtitle=&#8221;float: left;||clear: left;&#8221;]\ue0e9[\/et_pb_fullwidth_header][\/et_pb_section][et_pb_section fb_built=&#8221;1&#8243; _builder_version=&#8221;4.3.4&#8243; custom_margin=&#8221;0px||||false|false&#8221; custom_padding=&#8221;0px||||false|false&#8221;][et_pb_row _builder_version=&#8221;4.3.4&#8243;][et_pb_column type=&#8221;4_4&#8243; _builder_version=&#8221;4.3.4&#8243;][et_pb_text admin_label=&#8221;Tableau filtr\u00e9&#8221; _builder_version=&#8221;4.4.0&#8243; hover_enabled=&#8221;0&#8243;] [\/et_pb_text][\/et_pb_column][\/et_pb_row][\/et_pb_section]","og_url":"https:\/\/institute-ash.com\/en\/capital-markets\/","og_site_name":"ASH Group Institute","article_modified_time":"2020-03-11T09:50:26+00:00","twitter_card":"summary_large_image","twitter_misc":{"Est. reading time":"1 minute"},"schema":{"@context":"https:\/\/schema.org","@graph":[{"@type":"WebPage","@id":"https:\/\/institute-ash.com\/en\/capital-markets\/","url":"https:\/\/institute-ash.com\/en\/capital-markets\/","name":"Capital Markets - ASH Group Institute","isPartOf":{"@id":"https:\/\/institute-ash.com\/en\/#website"},"datePublished":"2020-03-11T09:46:58+00:00","dateModified":"2020-03-11T09:50:26+00:00","breadcrumb":{"@id":"https:\/\/institute-ash.com\/en\/capital-markets\/#breadcrumb"},"inLanguage":"en-US","potentialAction":[{"@type":"ReadAction","target":["https:\/\/institute-ash.com\/en\/capital-markets\/"]}]},{"@type":"BreadcrumbList","@id":"https:\/\/institute-ash.com\/en\/capital-markets\/#breadcrumb","itemListElement":[{"@type":"ListItem","position":1,"name":"Home","item":"https:\/\/institute-ash.com\/en\/"},{"@type":"ListItem","position":2,"name":"Capital Markets"}]},{"@type":"WebSite","@id":"https:\/\/institute-ash.com\/en\/#website","url":"https:\/\/institute-ash.com\/en\/","name":"ASH Group Institute","description":"Formation pour entreprise en Afrique","potentialAction":[{"@type":"SearchAction","target":{"@type":"EntryPoint","urlTemplate":"https:\/\/institute-ash.com\/en\/?s={search_term_string}"},"query-input":"required name=search_term_string"}],"inLanguage":"en-US"}]}},"_links":{"self":[{"href":"https:\/\/institute-ash.com\/en\/wp-json\/wp\/v2\/pages\/947"}],"collection":[{"href":"https:\/\/institute-ash.com\/en\/wp-json\/wp\/v2\/pages"}],"about":[{"href":"https:\/\/institute-ash.com\/en\/wp-json\/wp\/v2\/types\/page"}],"author":[{"embeddable":true,"href":"https:\/\/institute-ash.com\/en\/wp-json\/wp\/v2\/users\/1"}],"replies":[{"embeddable":true,"href":"https:\/\/institute-ash.com\/en\/wp-json\/wp\/v2\/comments?post=947"}],"version-history":[{"count":2,"href":"https:\/\/institute-ash.com\/en\/wp-json\/wp\/v2\/pages\/947\/revisions"}],"predecessor-version":[{"id":950,"href":"https:\/\/institute-ash.com\/en\/wp-json\/wp\/v2\/pages\/947\/revisions\/950"}],"wp:attachment":[{"href":"https:\/\/institute-ash.com\/en\/wp-json\/wp\/v2\/media?parent=947"}],"curies":[{"name":"wp","href":"https:\/\/api.w.org\/{rel}","templated":true}]}}