{"id":888,"date":"2020-03-08T21:14:48","date_gmt":"2020-03-08T20:14:48","guid":{"rendered":"http:\/\/institute-ash.com\/en\/?page_id=888"},"modified":"2020-03-11T17:34:24","modified_gmt":"2020-03-11T16:34:24","slug":"banque-assurance","status":"publish","type":"page","link":"https:\/\/institute-ash.com\/en\/banque-assurance\/","title":{"rendered":"Banque &#038; Assurance"},"content":{"rendered":"<p>[et_pb_section fb_built=&#8221;1&#8243; fullwidth=&#8221;on&#8221; _builder_version=&#8221;4.3.4&#8243; background_color=&#8221;#a71781&#8243; background_enable_image=&#8221;off&#8221;][et_pb_fullwidth_header title=&#8221;Banque &#038; Assurance&#8221; subhead=&#8221;D\u00e9couvrez les programmes des modules de formation&#8221; _builder_version=&#8221;4.3.4&#8243; subhead_font=&#8221;||on||||||&#8221; subhead_font_size=&#8221;16px&#8221; background_enable_color=&#8221;off&#8221; background_image=&#8221;https:\/\/institute-ash.com\/en\/wp-content\/uploads\/sites\/3\/ash-shape.png&#8221; custom_css_title=&#8221;float: left;||padding-bottom: 0;||line-height: 1.2em;&#8221; custom_css_content=&#8221;right: 0;||position: absolute;||font-size: 72px;&#8221; custom_css_subtitle=&#8221;float: left;||clear: left;&#8221;]<\/p>\n<p><span class=\"et_pb_image_wrap\"><span class=\"et-waypoint et_pb_animation_top et-pb-icon et-animated\" style=\"color: white;\">\ue0ef<\/span><\/span><\/p>\n<p>[\/et_pb_fullwidth_header][\/et_pb_section][et_pb_section fb_built=&#8221;1&#8243; _builder_version=&#8221;4.3.4&#8243; custom_margin=&#8221;0px||||false|false&#8221; custom_padding=&#8221;0px||||false|false&#8221;][et_pb_row _builder_version=&#8221;4.3.4&#8243;][et_pb_column type=&#8221;4_4&#8243; _builder_version=&#8221;4.3.4&#8243;][et_pb_text admin_label=&#8221;Tableau filtr\u00e9&#8221; _builder_version=&#8221;4.4.0&#8243; hover_enabled=&#8221;0&#8243;]<\/p>\n\n<table id=\"tablepress-1\" class=\"tablepress tablepress-id-1\">\n<thead>\n<tr class=\"row-1 odd\">\n\t<th class=\"column-1\">Code<\/th><th class=\"column-2\">Formation<\/th><th class=\"column-3\">Dur\u00e9e<\/th><th class=\"column-4\">Lieu<\/th><th class=\"column-5\">Prix<\/th><th class=\"column-6\">Programme<\/th><th class=\"column-7\">Inscription<\/th>\n<\/tr>\n<\/thead>\n<tbody class=\"row-hover\">\n<tr class=\"row-2 even\">\n\t<td class=\"column-1\">BA01<\/td><td class=\"column-2\">Environnement bancaire et financier : Innovations des march\u00e9s de capitaux<\/td><td class=\"column-3\">5 jours<\/td><td class=\"column-4\">Tunis<\/td><td class=\"column-5\">1850 \u20ac<\/td><td class=\"column-6\"><a href=\"#\">Programme<\/a><\/td><td class=\"column-7\"><a href=\"#\">S'inscrire<\/a><\/td>\n<\/tr>\n<tr class=\"row-3 odd\">\n\t<td class=\"column-1\">BA02<\/td><td class=\"column-2\">La r\u00e9glementation prudentielle des banques : Fondamentaux et r\u00e8gles de bonne gouvernance<\/td><td class=\"column-3\">5 jours<\/td><td class=\"column-4\">Tunis<\/td><td class=\"column-5\">1650 \u20ac<\/td><td class=\"column-6\"><a href=\"#\">Programme<\/a><\/td><td class=\"column-7\"><a href=\"#\">S'inscrire<\/a><\/td>\n<\/tr>\n<tr class=\"row-4 even\">\n\t<td class=\"column-1\">BA03<\/td><td class=\"column-2\">Gestion des risques bancaires : Typologie et r\u00e9glementation prudentielle<\/td><td class=\"column-3\">5 jours<\/td><td class=\"column-4\">Tunis<\/td><td class=\"column-5\">1750 \u20ac<\/td><td class=\"column-6\"><a href=\"#\">Programme<\/a><\/td><td class=\"column-7\"><a href=\"#\">S'inscrire<\/a><\/td>\n<\/tr>\n<tr class=\"row-5 odd\">\n\t<td class=\"column-1\">BA04<\/td><td class=\"column-2\">Gestion du risque de liquidit\u00e9 : Principes et m\u00e9thodes de mesure<\/td><td class=\"column-3\">5 jours<\/td><td class=\"column-4\">Tunis<\/td><td class=\"column-5\">1550 \u20ac<\/td><td class=\"column-6\"><a href=\"#\">Programme<\/a><\/td><td class=\"column-7\"><a href=\"#\">S'inscrire<\/a><\/td>\n<\/tr>\n<tr class=\"row-6 even\">\n\t<td class=\"column-1\">BA05<\/td><td class=\"column-2\">La comptabilit\u00e9 bancaire en vertu des normes comptables internationales IAS \/ IFRS<\/td><td class=\"column-3\">5 jours<\/td><td class=\"column-4\">Paris<\/td><td class=\"column-5\">2550 \u20ac<\/td><td class=\"column-6\"><a href=\"#\">Programme<\/a><\/td><td class=\"column-7\"><a href=\"#\">S'inscrire<\/a><\/td>\n<\/tr>\n<tr class=\"row-7 odd\">\n\t<td class=\"column-1\">BA06<\/td><td class=\"column-2\">Les syst\u00e8mes de paiement et les infrastructures des march\u00e9s financiers : Difficult\u00e9s pratiques et solutions<\/td><td class=\"column-3\">5 jours<\/td><td class=\"column-4\">Tunis<\/td><td class=\"column-5\">1850 \u20ac<\/td><td class=\"column-6\"><a href=\"#\">Programme<\/a><\/td><td class=\"column-7\"><a href=\"#\">S'inscrire<\/a><\/td>\n<\/tr>\n<tr class=\"row-8 even\">\n\t<td class=\"column-1\">BA07<\/td><td class=\"column-2\">La fiscalit\u00e9 du prix de transfert dans les institutions financi\u00e8res : Enjeux et contraintes<\/td><td class=\"column-3\">5 jours<\/td><td class=\"column-4\">Paris<\/td><td class=\"column-5\">2550 \u20ac<\/td><td class=\"column-6\"><a href=\"#\">Programme<\/a><\/td><td class=\"column-7\"><a href=\"#\">S'inscrire<\/a><\/td>\n<\/tr>\n<tr class=\"row-9 odd\">\n\t<td class=\"column-1\">BA08<\/td><td class=\"column-2\">Banques centrales : R\u00f4le et instruments de r\u00e9gulation<\/td><td class=\"column-3\">5 jours<\/td><td class=\"column-4\">Tunis<\/td><td class=\"column-5\">1650 \u20ac<\/td><td class=\"column-6\"><a href=\"#\">Programme<\/a><\/td><td class=\"column-7\"><a href=\"#\">S'inscrire<\/a><\/td>\n<\/tr>\n<tr class=\"row-10 even\">\n\t<td class=\"column-1\">BA09<\/td><td class=\"column-2\">ALM bancaire : Outils et pratiques de la gestion actif\/passif bancaire<\/td><td class=\"column-3\">5 jours<\/td><td class=\"column-4\">Paris<\/td><td class=\"column-5\">2550 \u20ac<\/td><td class=\"column-6\"><a href=\"#\">Programme<\/a><\/td><td class=\"column-7\"><a href=\"#\">S'inscrire<\/a><\/td>\n<\/tr>\n<tr class=\"row-11 odd\">\n\t<td class=\"column-1\">BA10<\/td><td class=\"column-2\">Gestion du collat\u00e9ral : Processus de collat\u00e9ralisation et d\u2019optimisation<\/td><td class=\"column-3\">5 jours<\/td><td class=\"column-4\">Tunis<\/td><td class=\"column-5\">1550 \u20ac<\/td><td class=\"column-6\"><a href=\"#\">Programme<\/a><\/td><td class=\"column-7\"><a href=\"#\">S'inscrire<\/a><\/td>\n<\/tr>\n<tr class=\"row-12 even\">\n\t<td class=\"column-1\">BA11<\/td><td class=\"column-2\">La gouvernance bancaire : Les fondamentaux et les modalit\u00e9s pratiques de mise en oeuvre<\/td><td class=\"column-3\">5 jours<\/td><td class=\"column-4\">Tunis<\/td><td class=\"column-5\">1650 \u20ac<\/td><td class=\"column-6\"><a href=\"#\">Programme<\/a><\/td><td class=\"column-7\"><a href=\"#\">S'inscrire<\/a><\/td>\n<\/tr>\n<tr class=\"row-13 odd\">\n\t<td class=\"column-1\">BA12<\/td><td class=\"column-2\">Le contr\u00f4le de gestion dans un environnement bancaire : Principes fondamentaux de mise en place<\/td><td class=\"column-3\">5 jours<\/td><td class=\"column-4\">Paris<\/td><td class=\"column-5\">2550 \u20ac<\/td><td class=\"column-6\"><a href=\"#\">Programme<\/a><\/td><td class=\"column-7\"><a href=\"#\">S'inscrire<\/a><\/td>\n<\/tr>\n<tr class=\"row-14 even\">\n\t<td class=\"column-1\">BA13<\/td><td class=\"column-2\">Les fondamentaux de l\u2019assurance : M\u00e9canismes et fonctionnement des produits<\/td><td class=\"column-3\">5 jours<\/td><td class=\"column-4\">Tunis<\/td><td class=\"column-5\">1550 \u20ac<\/td><td class=\"column-6\"><a href=\"#\">Programme<\/a><\/td><td class=\"column-7\"><a href=\"#\">S'inscrire<\/a><\/td>\n<\/tr>\n<tr class=\"row-15 odd\">\n\t<td class=\"column-1\">BA14<\/td><td class=\"column-2\">L\u2019assurance-vie : M\u00e9canismes techniques et r\u00e8gles de gestion financi\u00e8re<\/td><td class=\"column-3\">5 jours<\/td><td class=\"column-4\">Tunis<\/td><td class=\"column-5\">1650 \u20ac<\/td><td class=\"column-6\"><a href=\"#\">Programme<\/a><\/td><td class=\"column-7\"><a href=\"#\">S'inscrire<\/a><\/td>\n<\/tr>\n<tr class=\"row-16 even\">\n\t<td class=\"column-1\">BA15<\/td><td class=\"column-2\">Gestion ALM des compagnies d\u2019assurance : Techniques de calcul et mod\u00e9lisation<\/td><td class=\"column-3\">5 jours<\/td><td class=\"column-4\">Paris<\/td><td class=\"column-5\">2550 \u20ac<\/td><td class=\"column-6\"><a href=\"#\">Programme<\/a><\/td><td class=\"column-7\"><a href=\"#\">S'inscrire<\/a><\/td>\n<\/tr>\n<tr class=\"row-17 odd\">\n\t<td class=\"column-1\">BA16<\/td><td class=\"column-2\">Processus d\u2019investissement d\u2019une compagnie d\u2019assurance : Techniques de gestion et de mesure de risques<\/td><td class=\"column-3\">5 jours<\/td><td class=\"column-4\">Tunis<\/td><td class=\"column-5\">1550 \u20ac<\/td><td class=\"column-6\"><a href=\"#\">Programme<\/a><\/td><td class=\"column-7\"><a href=\"#\">S'inscrire<\/a><\/td>\n<\/tr>\n<tr class=\"row-18 even\">\n\t<td class=\"column-1\"><\/td><td class=\"column-2\"><\/td><td class=\"column-3\"><\/td><td class=\"column-4\"><\/td><td class=\"column-5\"><\/td><td class=\"column-6\"><\/td><td class=\"column-7\"><\/td>\n<\/tr>\n<tr class=\"row-19 odd\">\n\t<td class=\"column-1\">BA17<\/td><td class=\"column-2\">sdfgh<\/td><td class=\"column-3\"><\/td><td class=\"column-4\">Tunis<\/td><td class=\"column-5\"><\/td><td class=\"column-6\"><a href=\"https:\/\/institute-ash.com\/en\/wp-content\/uploads\/sites\/3\/5690-3d-temps-reel-avec-irrlicht-1.pdf\">programme<\/a><\/td><td class=\"column-7\"><\/td>\n<\/tr>\n<\/tbody>\n<\/table>\n<!-- #tablepress-1 from cache -->\n<p>[\/et_pb_text][\/et_pb_column][\/et_pb_row][\/et_pb_section]<\/p>\n","protected":false},"excerpt":{"rendered":"<p>[et_pb_section fb_built=&#8221;1&#8243; fullwidth=&#8221;on&#8221; _builder_version=&#8221;4.3.4&#8243; background_color=&#8221;#a71781&#8243; background_enable_image=&#8221;off&#8221;][et_pb_fullwidth_header title=&#8221;Banque &#038; Assurance&#8221; subhead=&#8221;D\u00e9couvrez les programmes des modules de formation&#8221; _builder_version=&#8221;4.3.4&#8243; subhead_font=&#8221;||on||||||&#8221; subhead_font_size=&#8221;16px&#8221; background_enable_color=&#8221;off&#8221; background_image=&#8221;https:\/\/institute-ash.com\/en\/wp-content\/uploads\/sites\/3\/ash-shape.png&#8221; custom_css_title=&#8221;float: left;||padding-bottom: 0;||line-height: 1.2em;&#8221; custom_css_content=&#8221;right: 0;||position: absolute;||font-size: 72px;&#8221; custom_css_subtitle=&#8221;float: left;||clear: left;&#8221;] \ue0ef [\/et_pb_fullwidth_header][\/et_pb_section][et_pb_section fb_built=&#8221;1&#8243; _builder_version=&#8221;4.3.4&#8243; custom_margin=&#8221;0px||||false|false&#8221; custom_padding=&#8221;0px||||false|false&#8221;][et_pb_row _builder_version=&#8221;4.3.4&#8243;][et_pb_column type=&#8221;4_4&#8243; _builder_version=&#8221;4.3.4&#8243;][et_pb_text admin_label=&#8221;Tableau filtr\u00e9&#8221; _builder_version=&#8221;4.4.0&#8243; hover_enabled=&#8221;0&#8243;] [\/et_pb_text][\/et_pb_column][\/et_pb_row][\/et_pb_section]<\/p>\n","protected":false},"author":1,"featured_media":0,"parent":0,"menu_order":0,"comment_status":"closed","ping_status":"closed","template":"","meta":{"_et_pb_use_builder":"on","_et_pb_old_content":"","_et_gb_content_width":"","content-type":"","footnotes":""},"yoast_head":"<!-- This site is optimized with the Yoast SEO plugin v22.3 - https:\/\/yoast.com\/wordpress\/plugins\/seo\/ -->\n<title>Banque &amp; Assurance - ASH Group Institute<\/title>\n<meta name=\"robots\" content=\"noindex, follow, max-snippet:-1, max-image-preview:large, max-video-preview:-1\" \/>\n<meta property=\"og:locale\" content=\"en_US\" \/>\n<meta property=\"og:type\" content=\"article\" \/>\n<meta property=\"og:title\" content=\"Banque &amp; Assurance - ASH Group Institute\" \/>\n<meta property=\"og:description\" content=\"[et_pb_section fb_built=&#8221;1&#8243; fullwidth=&#8221;on&#8221; _builder_version=&#8221;4.3.4&#8243; background_color=&#8221;#a71781&#8243; background_enable_image=&#8221;off&#8221;][et_pb_fullwidth_header title=&#8221;Banque &#038; Assurance&#8221; subhead=&#8221;D\u00e9couvrez les programmes des modules de formation&#8221; _builder_version=&#8221;4.3.4&#8243; subhead_font=&#8221;||on||||||&#8221; subhead_font_size=&#8221;16px&#8221; background_enable_color=&#8221;off&#8221; background_image=&#8221;https:\/\/institute-ash.com\/en\/wp-content\/uploads\/sites\/3\/ash-shape.png&#8221; custom_css_title=&#8221;float: left;||padding-bottom: 0;||line-height: 1.2em;&#8221; custom_css_content=&#8221;right: 0;||position: absolute;||font-size: 72px;&#8221; custom_css_subtitle=&#8221;float: left;||clear: left;&#8221;] \ue0ef [\/et_pb_fullwidth_header][\/et_pb_section][et_pb_section fb_built=&#8221;1&#8243; _builder_version=&#8221;4.3.4&#8243; custom_margin=&#8221;0px||||false|false&#8221; custom_padding=&#8221;0px||||false|false&#8221;][et_pb_row _builder_version=&#8221;4.3.4&#8243;][et_pb_column type=&#8221;4_4&#8243; _builder_version=&#8221;4.3.4&#8243;][et_pb_text admin_label=&#8221;Tableau filtr\u00e9&#8221; _builder_version=&#8221;4.4.0&#8243; hover_enabled=&#8221;0&#8243;] [\/et_pb_text][\/et_pb_column][\/et_pb_row][\/et_pb_section]\" \/>\n<meta property=\"og:url\" content=\"https:\/\/institute-ash.com\/en\/banque-assurance\/\" \/>\n<meta property=\"og:site_name\" content=\"ASH Group Institute\" \/>\n<meta property=\"article:modified_time\" content=\"2020-03-11T16:34:24+00:00\" \/>\n<meta name=\"twitter:card\" content=\"summary_large_image\" \/>\n<meta name=\"twitter:label1\" content=\"Est. reading time\" \/>\n\t<meta name=\"twitter:data1\" content=\"1 minute\" \/>\n<script type=\"application\/ld+json\" class=\"yoast-schema-graph\">{\"@context\":\"https:\/\/schema.org\",\"@graph\":[{\"@type\":\"WebPage\",\"@id\":\"https:\/\/institute-ash.com\/en\/banque-assurance\/\",\"url\":\"https:\/\/institute-ash.com\/en\/banque-assurance\/\",\"name\":\"Banque & Assurance - ASH Group Institute\",\"isPartOf\":{\"@id\":\"https:\/\/institute-ash.com\/en\/#website\"},\"datePublished\":\"2020-03-08T20:14:48+00:00\",\"dateModified\":\"2020-03-11T16:34:24+00:00\",\"breadcrumb\":{\"@id\":\"https:\/\/institute-ash.com\/en\/banque-assurance\/#breadcrumb\"},\"inLanguage\":\"en-US\",\"potentialAction\":[{\"@type\":\"ReadAction\",\"target\":[\"https:\/\/institute-ash.com\/en\/banque-assurance\/\"]}]},{\"@type\":\"BreadcrumbList\",\"@id\":\"https:\/\/institute-ash.com\/en\/banque-assurance\/#breadcrumb\",\"itemListElement\":[{\"@type\":\"ListItem\",\"position\":1,\"name\":\"Home\",\"item\":\"https:\/\/institute-ash.com\/en\/\"},{\"@type\":\"ListItem\",\"position\":2,\"name\":\"Banque &#038; Assurance\"}]},{\"@type\":\"WebSite\",\"@id\":\"https:\/\/institute-ash.com\/en\/#website\",\"url\":\"https:\/\/institute-ash.com\/en\/\",\"name\":\"ASH Group Institute\",\"description\":\"Formation pour entreprise en Afrique\",\"potentialAction\":[{\"@type\":\"SearchAction\",\"target\":{\"@type\":\"EntryPoint\",\"urlTemplate\":\"https:\/\/institute-ash.com\/en\/?s={search_term_string}\"},\"query-input\":\"required name=search_term_string\"}],\"inLanguage\":\"en-US\"}]}<\/script>\n<!-- \/ Yoast SEO plugin. -->","yoast_head_json":{"title":"Banque & Assurance - ASH Group Institute","robots":{"index":"noindex","follow":"follow","max-snippet":"max-snippet:-1","max-image-preview":"max-image-preview:large","max-video-preview":"max-video-preview:-1"},"og_locale":"en_US","og_type":"article","og_title":"Banque & Assurance - ASH Group Institute","og_description":"[et_pb_section fb_built=&#8221;1&#8243; fullwidth=&#8221;on&#8221; _builder_version=&#8221;4.3.4&#8243; background_color=&#8221;#a71781&#8243; background_enable_image=&#8221;off&#8221;][et_pb_fullwidth_header title=&#8221;Banque &#038; Assurance&#8221; subhead=&#8221;D\u00e9couvrez les programmes des modules de formation&#8221; _builder_version=&#8221;4.3.4&#8243; subhead_font=&#8221;||on||||||&#8221; subhead_font_size=&#8221;16px&#8221; background_enable_color=&#8221;off&#8221; background_image=&#8221;https:\/\/institute-ash.com\/en\/wp-content\/uploads\/sites\/3\/ash-shape.png&#8221; custom_css_title=&#8221;float: left;||padding-bottom: 0;||line-height: 1.2em;&#8221; custom_css_content=&#8221;right: 0;||position: absolute;||font-size: 72px;&#8221; custom_css_subtitle=&#8221;float: left;||clear: left;&#8221;] \ue0ef [\/et_pb_fullwidth_header][\/et_pb_section][et_pb_section fb_built=&#8221;1&#8243; _builder_version=&#8221;4.3.4&#8243; custom_margin=&#8221;0px||||false|false&#8221; custom_padding=&#8221;0px||||false|false&#8221;][et_pb_row _builder_version=&#8221;4.3.4&#8243;][et_pb_column type=&#8221;4_4&#8243; _builder_version=&#8221;4.3.4&#8243;][et_pb_text admin_label=&#8221;Tableau filtr\u00e9&#8221; _builder_version=&#8221;4.4.0&#8243; hover_enabled=&#8221;0&#8243;] [\/et_pb_text][\/et_pb_column][\/et_pb_row][\/et_pb_section]","og_url":"https:\/\/institute-ash.com\/en\/banque-assurance\/","og_site_name":"ASH Group Institute","article_modified_time":"2020-03-11T16:34:24+00:00","twitter_card":"summary_large_image","twitter_misc":{"Est. reading time":"1 minute"},"schema":{"@context":"https:\/\/schema.org","@graph":[{"@type":"WebPage","@id":"https:\/\/institute-ash.com\/en\/banque-assurance\/","url":"https:\/\/institute-ash.com\/en\/banque-assurance\/","name":"Banque & Assurance - ASH Group Institute","isPartOf":{"@id":"https:\/\/institute-ash.com\/en\/#website"},"datePublished":"2020-03-08T20:14:48+00:00","dateModified":"2020-03-11T16:34:24+00:00","breadcrumb":{"@id":"https:\/\/institute-ash.com\/en\/banque-assurance\/#breadcrumb"},"inLanguage":"en-US","potentialAction":[{"@type":"ReadAction","target":["https:\/\/institute-ash.com\/en\/banque-assurance\/"]}]},{"@type":"BreadcrumbList","@id":"https:\/\/institute-ash.com\/en\/banque-assurance\/#breadcrumb","itemListElement":[{"@type":"ListItem","position":1,"name":"Home","item":"https:\/\/institute-ash.com\/en\/"},{"@type":"ListItem","position":2,"name":"Banque &#038; Assurance"}]},{"@type":"WebSite","@id":"https:\/\/institute-ash.com\/en\/#website","url":"https:\/\/institute-ash.com\/en\/","name":"ASH Group Institute","description":"Formation pour entreprise en Afrique","potentialAction":[{"@type":"SearchAction","target":{"@type":"EntryPoint","urlTemplate":"https:\/\/institute-ash.com\/en\/?s={search_term_string}"},"query-input":"required name=search_term_string"}],"inLanguage":"en-US"}]}},"_links":{"self":[{"href":"https:\/\/institute-ash.com\/en\/wp-json\/wp\/v2\/pages\/888"}],"collection":[{"href":"https:\/\/institute-ash.com\/en\/wp-json\/wp\/v2\/pages"}],"about":[{"href":"https:\/\/institute-ash.com\/en\/wp-json\/wp\/v2\/types\/page"}],"author":[{"embeddable":true,"href":"https:\/\/institute-ash.com\/en\/wp-json\/wp\/v2\/users\/1"}],"replies":[{"embeddable":true,"href":"https:\/\/institute-ash.com\/en\/wp-json\/wp\/v2\/comments?post=888"}],"version-history":[{"count":21,"href":"https:\/\/institute-ash.com\/en\/wp-json\/wp\/v2\/pages\/888\/revisions"}],"predecessor-version":[{"id":1032,"href":"https:\/\/institute-ash.com\/en\/wp-json\/wp\/v2\/pages\/888\/revisions\/1032"}],"wp:attachment":[{"href":"https:\/\/institute-ash.com\/en\/wp-json\/wp\/v2\/media?parent=888"}],"curies":[{"name":"wp","href":"https:\/\/api.w.org\/{rel}","templated":true}]}}