{"id":472,"date":"2020-03-06T16:26:07","date_gmt":"2020-03-06T15:26:07","guid":{"rendered":"http:\/\/institute-ash.com\/en\/?page_id=472"},"modified":"2020-06-25T20:33:22","modified_gmt":"2020-06-25T18:33:22","slug":"realisations","status":"publish","type":"page","link":"https:\/\/institute-ash.com\/en\/realisations\/","title":{"rendered":"R\u00e9alisations"},"content":{"rendered":"<p>[et_pb_section fb_built=&#8221;1&#8243; fullwidth=&#8221;on&#8221; _builder_version=&#8221;4.3.4&#8243; background_color=&#8221;#a71781&#8243; background_enable_image=&#8221;off&#8221; da_disable_devices=&#8221;off|off|off&#8221; da_is_popup=&#8221;off&#8221; da_exit_intent=&#8221;off&#8221; da_has_close=&#8221;on&#8221; da_alt_close=&#8221;off&#8221; da_dark_close=&#8221;off&#8221; da_not_modal=&#8221;on&#8221; da_is_singular=&#8221;off&#8221; da_with_loader=&#8221;off&#8221; da_has_shadow=&#8221;on&#8221;][et_pb_fullwidth_header title=&#8221;R\u00e9alisations&#8221; subhead=&#8221;D\u00e9couvrez les sessions de formation effectu\u00e9es&#8221; _builder_version=&#8221;4.4.8&#8243; subhead_font=&#8221;||on||||||&#8221; subhead_font_size=&#8221;16px&#8221; background_enable_color=&#8221;off&#8221; background_image=&#8221;https:\/\/institute-ash.com\/en\/wp-content\/uploads\/sites\/3\/ash-shape.png&#8221; custom_css_title=&#8221;float: left;||padding-bottom: 0;||line-height: 1.2em;&#8221; custom_css_content=&#8221;right: 0;||position: absolute;||font-size: 72px;&#8221; custom_css_subtitle=&#8221;float: left;||clear: left;&#8221;]<span class=\"et_pb_image_wrap\"><span class=\"et-waypoint et_pb_animation_top et-pb-icon et-animated\" style=\"color: white;\">\ue0e9<\/span><\/span>[\/et_pb_fullwidth_header][\/et_pb_section][et_pb_section fb_built=&#8221;1&#8243; fullwidth=&#8221;on&#8221; _builder_version=&#8221;4.3.4&#8243; da_disable_devices=&#8221;off|off|off&#8221; da_is_popup=&#8221;off&#8221; da_exit_intent=&#8221;off&#8221; da_has_close=&#8221;on&#8221; da_alt_close=&#8221;off&#8221; da_dark_close=&#8221;off&#8221; da_not_modal=&#8221;on&#8221; da_is_singular=&#8221;off&#8221; da_with_loader=&#8221;off&#8221; da_has_shadow=&#8221;on&#8221;][et_pb_fullwidth_portfolio fullwidth=&#8221;off&#8221; include_categories=&#8221;3&#8243; posts_number=&#8221;48&#8243; zoom_icon_color=&#8221;#ffffff&#8221; hover_overlay_color=&#8221;rgba(167,23,129,0.9)&#8221; hover_icon=&#8221;%%158%%&#8221; _builder_version=&#8221;4.4.8&#8243; title_font_size=&#8221;16px&#8221; background_layout=&#8221;dark&#8221; hover_enabled=&#8221;0&#8243;][\/et_pb_fullwidth_portfolio][\/et_pb_section]<\/p>\n","protected":false},"excerpt":{"rendered":"<p>[et_pb_section fb_built=&#8221;1&#8243; fullwidth=&#8221;on&#8221; _builder_version=&#8221;4.3.4&#8243; background_color=&#8221;#a71781&#8243; background_enable_image=&#8221;off&#8221; da_disable_devices=&#8221;off|off|off&#8221; da_is_popup=&#8221;off&#8221; da_exit_intent=&#8221;off&#8221; da_has_close=&#8221;on&#8221; da_alt_close=&#8221;off&#8221; da_dark_close=&#8221;off&#8221; da_not_modal=&#8221;on&#8221; da_is_singular=&#8221;off&#8221; da_with_loader=&#8221;off&#8221; da_has_shadow=&#8221;on&#8221;][et_pb_fullwidth_header title=&#8221;R\u00e9alisations&#8221; subhead=&#8221;D\u00e9couvrez les sessions de formation effectu\u00e9es&#8221; _builder_version=&#8221;4.4.8&#8243; subhead_font=&#8221;||on||||||&#8221; subhead_font_size=&#8221;16px&#8221; background_enable_color=&#8221;off&#8221; background_image=&#8221;https:\/\/institute-ash.com\/en\/wp-content\/uploads\/sites\/3\/ash-shape.png&#8221; custom_css_title=&#8221;float: left;||padding-bottom: 0;||line-height: 1.2em;&#8221; custom_css_content=&#8221;right: 0;||position: absolute;||font-size: 72px;&#8221; custom_css_subtitle=&#8221;float: left;||clear: left;&#8221;]\ue0e9[\/et_pb_fullwidth_header][\/et_pb_section][et_pb_section fb_built=&#8221;1&#8243; fullwidth=&#8221;on&#8221; _builder_version=&#8221;4.3.4&#8243; da_disable_devices=&#8221;off|off|off&#8221; da_is_popup=&#8221;off&#8221; da_exit_intent=&#8221;off&#8221; da_has_close=&#8221;on&#8221; da_alt_close=&#8221;off&#8221; da_dark_close=&#8221;off&#8221; da_not_modal=&#8221;on&#8221; da_is_singular=&#8221;off&#8221; da_with_loader=&#8221;off&#8221; da_has_shadow=&#8221;on&#8221;][et_pb_fullwidth_portfolio fullwidth=&#8221;off&#8221; include_categories=&#8221;3&#8243; posts_number=&#8221;48&#8243; [&hellip;]<\/p>\n","protected":false},"author":1,"featured_media":0,"parent":0,"menu_order":0,"comment_status":"closed","ping_status":"closed","template":"","meta":{"_et_pb_use_builder":"on","_et_pb_old_content":"","_et_gb_content_width":"","content-type":"","footnotes":""},"yoast_head":"<!-- This site is optimized with the Yoast SEO plugin v22.3 - https:\/\/yoast.com\/wordpress\/plugins\/seo\/ -->\n<title>R\u00e9alisations - ASH Group Institute<\/title>\n<meta name=\"robots\" content=\"noindex, follow, max-snippet:-1, max-image-preview:large, max-video-preview:-1\" \/>\n<meta property=\"og:locale\" content=\"en_US\" \/>\n<meta property=\"og:type\" content=\"article\" \/>\n<meta property=\"og:title\" content=\"R\u00e9alisations - ASH Group Institute\" \/>\n<meta property=\"og:description\" content=\"[et_pb_section fb_built=&#8221;1&#8243; fullwidth=&#8221;on&#8221; _builder_version=&#8221;4.3.4&#8243; background_color=&#8221;#a71781&#8243; background_enable_image=&#8221;off&#8221; da_disable_devices=&#8221;off|off|off&#8221; da_is_popup=&#8221;off&#8221; da_exit_intent=&#8221;off&#8221; da_has_close=&#8221;on&#8221; da_alt_close=&#8221;off&#8221; da_dark_close=&#8221;off&#8221; da_not_modal=&#8221;on&#8221; da_is_singular=&#8221;off&#8221; da_with_loader=&#8221;off&#8221; da_has_shadow=&#8221;on&#8221;][et_pb_fullwidth_header title=&#8221;R\u00e9alisations&#8221; subhead=&#8221;D\u00e9couvrez les sessions de formation effectu\u00e9es&#8221; _builder_version=&#8221;4.4.8&#8243; subhead_font=&#8221;||on||||||&#8221; subhead_font_size=&#8221;16px&#8221; background_enable_color=&#8221;off&#8221; background_image=&#8221;https:\/\/institute-ash.com\/en\/wp-content\/uploads\/sites\/3\/ash-shape.png&#8221; custom_css_title=&#8221;float: left;||padding-bottom: 0;||line-height: 1.2em;&#8221; custom_css_content=&#8221;right: 0;||position: absolute;||font-size: 72px;&#8221; custom_css_subtitle=&#8221;float: left;||clear: left;&#8221;]\ue0e9[\/et_pb_fullwidth_header][\/et_pb_section][et_pb_section fb_built=&#8221;1&#8243; fullwidth=&#8221;on&#8221; _builder_version=&#8221;4.3.4&#8243; da_disable_devices=&#8221;off|off|off&#8221; da_is_popup=&#8221;off&#8221; da_exit_intent=&#8221;off&#8221; da_has_close=&#8221;on&#8221; da_alt_close=&#8221;off&#8221; da_dark_close=&#8221;off&#8221; da_not_modal=&#8221;on&#8221; da_is_singular=&#8221;off&#8221; da_with_loader=&#8221;off&#8221; da_has_shadow=&#8221;on&#8221;][et_pb_fullwidth_portfolio fullwidth=&#8221;off&#8221; include_categories=&#8221;3&#8243; posts_number=&#8221;48&#8243; [&hellip;]\" \/>\n<meta property=\"og:url\" content=\"https:\/\/institute-ash.com\/en\/realisations\/\" \/>\n<meta property=\"og:site_name\" content=\"ASH Group Institute\" \/>\n<meta property=\"article:modified_time\" content=\"2020-06-25T18:33:22+00:00\" \/>\n<meta name=\"twitter:card\" content=\"summary_large_image\" \/>\n<meta name=\"twitter:label1\" content=\"Est. reading time\" \/>\n\t<meta name=\"twitter:data1\" content=\"1 minute\" \/>\n<script type=\"application\/ld+json\" class=\"yoast-schema-graph\">{\"@context\":\"https:\/\/schema.org\",\"@graph\":[{\"@type\":\"WebPage\",\"@id\":\"https:\/\/institute-ash.com\/en\/realisations\/\",\"url\":\"https:\/\/institute-ash.com\/en\/realisations\/\",\"name\":\"R\u00e9alisations - ASH Group Institute\",\"isPartOf\":{\"@id\":\"https:\/\/institute-ash.com\/en\/#website\"},\"datePublished\":\"2020-03-06T15:26:07+00:00\",\"dateModified\":\"2020-06-25T18:33:22+00:00\",\"breadcrumb\":{\"@id\":\"https:\/\/institute-ash.com\/en\/realisations\/#breadcrumb\"},\"inLanguage\":\"en-US\",\"potentialAction\":[{\"@type\":\"ReadAction\",\"target\":[\"https:\/\/institute-ash.com\/en\/realisations\/\"]}]},{\"@type\":\"BreadcrumbList\",\"@id\":\"https:\/\/institute-ash.com\/en\/realisations\/#breadcrumb\",\"itemListElement\":[{\"@type\":\"ListItem\",\"position\":1,\"name\":\"Home\",\"item\":\"https:\/\/institute-ash.com\/en\/\"},{\"@type\":\"ListItem\",\"position\":2,\"name\":\"R\u00e9alisations\"}]},{\"@type\":\"WebSite\",\"@id\":\"https:\/\/institute-ash.com\/en\/#website\",\"url\":\"https:\/\/institute-ash.com\/en\/\",\"name\":\"ASH Group Institute\",\"description\":\"Formation pour entreprise en Afrique\",\"potentialAction\":[{\"@type\":\"SearchAction\",\"target\":{\"@type\":\"EntryPoint\",\"urlTemplate\":\"https:\/\/institute-ash.com\/en\/?s={search_term_string}\"},\"query-input\":\"required name=search_term_string\"}],\"inLanguage\":\"en-US\"}]}<\/script>\n<!-- \/ Yoast SEO plugin. -->","yoast_head_json":{"title":"R\u00e9alisations - ASH Group Institute","robots":{"index":"noindex","follow":"follow","max-snippet":"max-snippet:-1","max-image-preview":"max-image-preview:large","max-video-preview":"max-video-preview:-1"},"og_locale":"en_US","og_type":"article","og_title":"R\u00e9alisations - ASH Group Institute","og_description":"[et_pb_section fb_built=&#8221;1&#8243; fullwidth=&#8221;on&#8221; _builder_version=&#8221;4.3.4&#8243; background_color=&#8221;#a71781&#8243; background_enable_image=&#8221;off&#8221; da_disable_devices=&#8221;off|off|off&#8221; da_is_popup=&#8221;off&#8221; da_exit_intent=&#8221;off&#8221; da_has_close=&#8221;on&#8221; da_alt_close=&#8221;off&#8221; da_dark_close=&#8221;off&#8221; da_not_modal=&#8221;on&#8221; da_is_singular=&#8221;off&#8221; da_with_loader=&#8221;off&#8221; da_has_shadow=&#8221;on&#8221;][et_pb_fullwidth_header title=&#8221;R\u00e9alisations&#8221; subhead=&#8221;D\u00e9couvrez les sessions de formation effectu\u00e9es&#8221; _builder_version=&#8221;4.4.8&#8243; subhead_font=&#8221;||on||||||&#8221; subhead_font_size=&#8221;16px&#8221; background_enable_color=&#8221;off&#8221; background_image=&#8221;https:\/\/institute-ash.com\/en\/wp-content\/uploads\/sites\/3\/ash-shape.png&#8221; custom_css_title=&#8221;float: left;||padding-bottom: 0;||line-height: 1.2em;&#8221; custom_css_content=&#8221;right: 0;||position: absolute;||font-size: 72px;&#8221; custom_css_subtitle=&#8221;float: left;||clear: left;&#8221;]\ue0e9[\/et_pb_fullwidth_header][\/et_pb_section][et_pb_section fb_built=&#8221;1&#8243; fullwidth=&#8221;on&#8221; _builder_version=&#8221;4.3.4&#8243; da_disable_devices=&#8221;off|off|off&#8221; da_is_popup=&#8221;off&#8221; da_exit_intent=&#8221;off&#8221; da_has_close=&#8221;on&#8221; da_alt_close=&#8221;off&#8221; da_dark_close=&#8221;off&#8221; da_not_modal=&#8221;on&#8221; da_is_singular=&#8221;off&#8221; da_with_loader=&#8221;off&#8221; da_has_shadow=&#8221;on&#8221;][et_pb_fullwidth_portfolio fullwidth=&#8221;off&#8221; include_categories=&#8221;3&#8243; posts_number=&#8221;48&#8243; [&hellip;]","og_url":"https:\/\/institute-ash.com\/en\/realisations\/","og_site_name":"ASH Group Institute","article_modified_time":"2020-06-25T18:33:22+00:00","twitter_card":"summary_large_image","twitter_misc":{"Est. reading time":"1 minute"},"schema":{"@context":"https:\/\/schema.org","@graph":[{"@type":"WebPage","@id":"https:\/\/institute-ash.com\/en\/realisations\/","url":"https:\/\/institute-ash.com\/en\/realisations\/","name":"R\u00e9alisations - ASH Group Institute","isPartOf":{"@id":"https:\/\/institute-ash.com\/en\/#website"},"datePublished":"2020-03-06T15:26:07+00:00","dateModified":"2020-06-25T18:33:22+00:00","breadcrumb":{"@id":"https:\/\/institute-ash.com\/en\/realisations\/#breadcrumb"},"inLanguage":"en-US","potentialAction":[{"@type":"ReadAction","target":["https:\/\/institute-ash.com\/en\/realisations\/"]}]},{"@type":"BreadcrumbList","@id":"https:\/\/institute-ash.com\/en\/realisations\/#breadcrumb","itemListElement":[{"@type":"ListItem","position":1,"name":"Home","item":"https:\/\/institute-ash.com\/en\/"},{"@type":"ListItem","position":2,"name":"R\u00e9alisations"}]},{"@type":"WebSite","@id":"https:\/\/institute-ash.com\/en\/#website","url":"https:\/\/institute-ash.com\/en\/","name":"ASH Group Institute","description":"Formation pour entreprise en Afrique","potentialAction":[{"@type":"SearchAction","target":{"@type":"EntryPoint","urlTemplate":"https:\/\/institute-ash.com\/en\/?s={search_term_string}"},"query-input":"required name=search_term_string"}],"inLanguage":"en-US"}]}},"_links":{"self":[{"href":"https:\/\/institute-ash.com\/en\/wp-json\/wp\/v2\/pages\/472"}],"collection":[{"href":"https:\/\/institute-ash.com\/en\/wp-json\/wp\/v2\/pages"}],"about":[{"href":"https:\/\/institute-ash.com\/en\/wp-json\/wp\/v2\/types\/page"}],"author":[{"embeddable":true,"href":"https:\/\/institute-ash.com\/en\/wp-json\/wp\/v2\/users\/1"}],"replies":[{"embeddable":true,"href":"https:\/\/institute-ash.com\/en\/wp-json\/wp\/v2\/comments?post=472"}],"version-history":[{"count":18,"href":"https:\/\/institute-ash.com\/en\/wp-json\/wp\/v2\/pages\/472\/revisions"}],"predecessor-version":[{"id":1450,"href":"https:\/\/institute-ash.com\/en\/wp-json\/wp\/v2\/pages\/472\/revisions\/1450"}],"wp:attachment":[{"href":"https:\/\/institute-ash.com\/en\/wp-json\/wp\/v2\/media?parent=472"}],"curies":[{"name":"wp","href":"https:\/\/api.w.org\/{rel}","templated":true}]}}